{"id":8,"date":"2024-09-12T11:24:36","date_gmt":"2024-09-12T09:24:36","guid":{"rendered":"https:\/\/mladez.evangnet.cz\/prazska\/?page_id=8"},"modified":"2024-10-02T16:46:20","modified_gmt":"2024-10-02T14:46:20","slug":"kostel-martina-ve-zdi","status":"publish","type":"page","link":"https:\/\/mladez.evangnet.cz\/prazska\/kostel-martina-ve-zdi\/","title":{"rendered":"Kostel Martina ve Zdi"},"content":{"rendered":"\n<h2 class=\"wp-block-heading\">Ned\u011bln\u00ed bohoslu\u017eby<\/h2>\n\n\n\n<span class=\"odkaz-top\" id=\"informace\"><\/span>\n\n\n\n<p>Bohoslu\u017eby cht\u011bj\u00ed b\u00fdt&nbsp;<strong>spole\u010denstv\u00edm otev\u0159en\u00fdm<\/strong>&nbsp;pro ka\u017ed\u00e9ho bez rozd\u00edlu. Sna\u017e\u00edme se o \u010dast\u00e9 st\u0159\u00edd\u00e1n\u00ed kazatel\u016f nejen z na\u0161\u00ed c\u00edrkve, v\u010detn\u011b student\u016f a vyu\u010duj\u00edc\u00edch z ETF UK, mysl\u00edme na pot\u0159ebn\u00e9 p\u0159i chr\u00e1mov\u00fdch sb\u00edrk\u00e1ch, usilujeme tak\u00e9 o ekumenickou spolupr\u00e1ci.<br>Bohoslu\u017eby se&nbsp;<strong>konaj\u00ed v ned\u011bli<\/strong>&nbsp;po cel\u00fd rok&nbsp;<strong>v\u017edy od 19:30<\/strong>.<\/p>\n\n\n\n<p>Krom\u011b ned\u011bln\u00edch ve\u010der\u016f prob\u00edhaj\u00ed bohoslu\u017eby tak\u00e9 na c\u00edrkevn\u00ed sv\u00e1tky. Rozpis kazatel\u016f ned\u011bln\u00edch bohoslu\u017eeb naleznete n\u00ed\u017ee.<br><strong>Po bohoslu\u017eb\u00e1ch<\/strong>&nbsp;b\u00fdv\u00e1 mo\u017enost sej\u00edt se ke spole\u010dn\u00fdm rozhovor\u016fm v&nbsp;<a href=\"https:\/\/goo.gl\/maps\/88wfoB6tEMSiuYV67\" target=\"_blank\" rel=\"noreferrer noopener\">kav\u00e1rn\u011b Vajtfi\u0161<\/a>&nbsp;v K\u0159emencov\u011b ulici.<\/p>\n\n\n\n<p><strong>\u010cleny martinsk\u00e9ho gr\u00e9mia<\/strong>&nbsp;jsou&nbsp;<strong>\u0160t\u011bp\u00e1n Groll, \u0160t\u011bp\u00e1n Esterle, Vojt\u011bch Tit\u011bra, Karel Pacovsk\u00fd,<\/strong>&nbsp;studentsk\u00e1 far\u00e1\u0159ka ETF UK&nbsp;<strong>Jana Hofmanov\u00e1,<\/strong>&nbsp;<strong>Anna Pokorn\u00e1<\/strong>&nbsp;ze sv\u00e9 funkce senior\u00e1tn\u00ed far\u00e1\u0159ky pro ml\u00e1de\u017e a administr\u00e1tor kostela&nbsp;<strong>Pavel Pokorn\u00fd<\/strong>. Viriln\u00edm \u010dlenem za pra\u017eskou evangelickou ml\u00e1de\u017e je&nbsp;<strong>Viktorie Fenclov\u00e1&nbsp;<\/strong>a n\u00e1hradn\u00edkem je&nbsp;<strong>Daniel Knotek<\/strong>.<\/p>\n\n\n\n<h3 class=\"wp-block-heading\">Kontakty na martinsk\u00e9 gr\u00e9mium<\/h3>\n\n\n\n<p><a href=\"https:\/\/www.facebook.com\/martinskebohosluzby\/\" target=\"_blank\" rel=\"noreferrer noopener\">Ve\u010dern\u00ed bohoslu\u017eby u Martina ve zdi<\/a><br><a href=\"https:\/\/martinvezdi.e-cirkev.cz\/\" target=\"_blank\" rel=\"noreferrer noopener\">https:\/\/martinvezdi.e-cirkev.cz\/<\/a> <br><a href=\"mailto:martinvezdi@evangnet.cz\" target=\"_blank\" rel=\"noreferrer noopener\">martinvezdi@evangnet.cz<\/a><br><a href=\"tel:+420776600353\">+420 776 600 353<\/a><\/p>\n\n\n\n<h2 class=\"wp-block-heading\">Kazatele u Martina ve zdi<\/h2>\n\n\n\n<span class=\"odkaz-top\" id=\"kazatele\"><\/span>\n\n\n\n<p>Pro p\u0159id\u00e1n\u00ed google kalend\u00e1\u0159e&nbsp;<a href=\"https:\/\/calendar.google.com\/calendar\/r\/settings\/addcalendar\" target=\"_blank\" rel=\"noreferrer noopener\">klikn\u011bte zde<\/a>&nbsp;a zadejte tento gmail:&nbsp;<strong><a href=\"mailto:martinvezdi1414@gmail.com\">martinvezdi1414@gmail.com<\/a><\/strong><br>Adresa:&nbsp;<strong>Martinsk\u00e1 8, 110 00 Praha 1-Star\u00e9 M\u011bsto<\/strong><br>VP = svat\u00e1 ve\u010de\u0159e P\u00e1n\u011b<\/p>\n\n\n\n<p class=\"has-text-color has-link-color wp-elements-760a900252779f5c9002a5da2522e185\" style=\"color:#aeaeae\"><em>Po kliknut\u00ed na p\u0159\u00edslu\u0161n\u00fd term\u00edn se v\u00e1m zobraz\u00ed podrobnosti ud\u00e1losti jakou jsou nap\u0159\u00edklad kazatel\u00e9.<\/em><\/p>\n\n\n\n<div class=\"wp-block-columns is-layout-flex wp-container-core-columns-is-layout-a5331a9e wp-block-columns-is-layout-flex\" style=\"padding-top:0;padding-right:0;padding-bottom:0;padding-left:0\">\n<div class=\"wp-block-column is-layout-flow wp-block-column-is-layout-flow\" style=\"flex-basis:50%\">\n<iframe loading=\"lazy\" src=\"https:\/\/calendar.google.com\/calendar\/embed?height=600&#038;wkst=2&#038;ctz=Europe%2FPrague&#038;bgcolor=%231abac0&#038;mode=AGENDA&#038;showPrint=0&#038;showNav=0&#038;showCalendars=0&#038;showTabs=0&#038;showTz=0&#038;title=Martin%20ve%20Zdi%20-Term%C3%ADny%20a%20kazatel%C3%A9&#038;showDate=0&#038;src=bWFydGludmV6ZGkxNDE0QGdtYWlsLmNvbQ&#038;color=%23AD1457\" style=\"border:solid 1px #777\" width=\"600\" height=\"600\" frameborder=\"0\" scrolling=\"no\"><\/iframe>\n<\/div>\n\n\n\n<div class=\"wp-block-column is-layout-flow wp-block-column-is-layout-flow\" style=\"padding-top:0;padding-bottom:0;flex-basis:50%\">\n<iframe loading=\"lazy\" style=\"height:100%;border: none;\" src=\"https:\/\/frame.mapy.cz\/s\/corurafevo\" width=\"600\" height=\"500\" frameborder=\"0\"><\/iframe>\n<\/div>\n<\/div>\n\n\n\n<div class=\"wp-block-columns is-layout-flex wp-container-core-columns-is-layout-a5331a9e wp-block-columns-is-layout-flex\" style=\"padding-top:0;padding-right:0;padding-bottom:0;padding-left:0\">\n<div class=\"wp-block-column is-layout-flow wp-block-column-is-layout-flow\" style=\"flex-basis:55%\">\n<h2 class=\"wp-block-heading\">Kostel sv. Martina ve zdi<\/h2>\n\n\n\n<span class=\"odkaz-top\" id=\"o-kostelu\"><\/span>\n\n\n\n<p><strong>Kostel sv. Martina ve zdi<\/strong>&nbsp;je jedine\u010dn\u00fdm prostorem na pomez\u00ed Nov\u00e9ho a Star\u00e9ho M\u011bsta, kter\u00fd ji\u017e po n\u011bkolik des\u00edtek let slou\u017e\u00ed jako v\u00fdznamn\u00e9 duchovn\u00ed centrum evangelick\u00e9 ml\u00e1de\u017ee. Krom\u011b&nbsp;<strong>pravideln\u00fdch ve\u010dern\u00edch bohoslu\u017eeb<\/strong>, na kter\u00fdch se ka\u017ed\u00fd t\u00fdden st\u0159\u00eddaj\u00ed kazatel\u00e9 z r\u016fzn\u00fdch sbor\u016f i studenti teologie, se kostel otev\u00edr\u00e1 tak\u00e9 mno\u017estv\u00ed dal\u0161\u00edch n\u00e1bo\u017eensk\u00fdch, kulturn\u00edch i multikulturn\u00edch akc\u00ed. Je v\u0161ak sou\u010dasn\u011b za v\u00edce ne\u017e&nbsp;<strong>800 let<\/strong>&nbsp;sv\u00e9 existence tak\u00e9 sv\u011bdkem mno\u017estv\u00ed historick\u00fdch i um\u011blecko-historick\u00fdch ud\u00e1lost\u00ed a z\u00e1sah\u016f, kter\u00e9 dokresluj\u00ed n\u00e1zorov\u00e9 proudy, tendence i ducha doby od konce 12. stolet\u00ed a\u017e do sou\u010dasnosti.<\/p>\n\n\n\n<p>Na m\u00edst\u011b dne\u0161n\u00edho kostela sv. Martina ve zdi st\u00e1l p\u016fvodn\u011b rom\u00e1nsk\u00fd, mezi lety 1178\u20131187 postaven\u00fd jednolodn\u00ed kostel, v interi\u00e9ru pravd\u011bpodobn\u011b vyzdoben\u00fd n\u00e1st\u011bnn\u00fdmi malbami. Vznikl na \u00fazem\u00ed tehdej\u0161\u00ed osady jm\u00e9nem \u00dajezd, pozd\u011bji p\u0159ejmenovan\u00e9 na \u00dajezd svat\u00e9ho Martina. Do t\u00e9to oblasti zas\u00e1hly mezi lety 1249\u20131253&nbsp;<strong>nov\u00e9 starom\u011bstsk\u00e9 hradby<\/strong>, kter\u00e9 \u00dajezd rozd\u011blily na dv\u011b \u010d\u00e1sti \u2013 kostel byl p\u0159itom pln\u011b zapojen do hradebn\u00ed struktury, z \u010deho\u017e vzniklo jeho dodnes u\u017e\u00edvan\u00e9 p\u0159\u00edzvisko kostel sv. Martina ve zdi.<\/p>\n<\/div>\n\n\n\n<div class=\"wp-block-column is-layout-flow wp-block-column-is-layout-flow\" style=\"flex-basis:45%\">\n<figure class=\"wp-block-image size-full\" id=\"br-12\"><img loading=\"lazy\" decoding=\"async\" width=\"960\" height=\"720\" src=\"http:\/\/mladez.evangnet.cz\/prazska\/wp-content\/uploads\/sites\/3\/2024\/09\/mvz-okostelu.webp\" alt=\"Kostel Martina ve Zdi\" class=\"wp-image-66\" srcset=\"https:\/\/mladez.evangnet.cz\/prazska\/wp-content\/uploads\/sites\/3\/2024\/09\/mvz-okostelu.webp 960w, https:\/\/mladez.evangnet.cz\/prazska\/wp-content\/uploads\/sites\/3\/2024\/09\/mvz-okostelu-300x225.webp 300w, https:\/\/mladez.evangnet.cz\/prazska\/wp-content\/uploads\/sites\/3\/2024\/09\/mvz-okostelu-768x576.webp 768w\" sizes=\"auto, (max-width: 960px) 100vw, 960px\" \/><\/figure>\n<\/div>\n<\/div>\n\n\n\n<p>B\u011bhem gotick\u00e9 p\u0159estavby za vl\u00e1dy Karla IV. do\u0161lo ke zv\u00fd\u0161en\u00ed \u00farovn\u011b podlahy, a tedy i zv\u00fd\u0161en\u00ed klenby s nepravideln\u00fdm pr\u016fb\u011bhem, lo\u010f byla prodlou\u017eena o nov\u00fd, rovn\u011b uzav\u0159en\u00fd presbyt\u00e1\u0159 prora\u017een\u00fd dv\u011bma hrotit\u00fdmi okny a zaklenut\u00fd s\u00ed\u0165ovou klenbou. K roku 1358 byla dostav\u011bna v\u011b\u017e na jihoz\u00e1padn\u00edm n\u00e1ro\u017e\u00ed. Od konce 14. stolet\u00ed se tak\u00e9 spole\u010denstv\u00ed kolem Martina ve zdi zapojovalo do opravn\u00e9ho hnut\u00ed, d\u00edky \u010demu\u017e se kostel stal po boku Betl\u00e9msk\u00e9 kaple, sv. Vojt\u011bcha a sv. Michala jedn\u00edm z pil\u00ed\u0159\u016f pra\u017esk\u00e9 reformace. V roce&nbsp;<strong>1414<\/strong>&nbsp;zde do\u0161lo k nejd\u016fle\u017eit\u011bj\u0161\u00ed ud\u00e1losti v cel\u00e9 historii kostela sv. Martina ve zdi \u2013 byla zde Jakoubkem ze St\u0159\u00edbra poprv\u00e9 po n\u011bkolika stech letech v Praze vysluhov\u00e1na ve\u010de\u0159e P\u00e1n\u011b pod oboj\u00ed zp\u016fsobu. V husitsk\u00e9 dob\u011b byl Martin ve zdi vyhled\u00e1van\u00fdm kostelem, v roce 1433 se zde konal tzv.&nbsp;<strong>svatomartinsk\u00fd sn\u011bm<\/strong>&nbsp;a stavba z\u00edskala tak\u00e9 mno\u017estv\u00ed don\u00e1tor\u016f. Z nich nejv\u00fdznamn\u011bj\u0161\u00edm byl majitel sousedn\u00edho domu Plat\u00fdz, Holec z Kv\u011btnice, kter\u00fd nechal na sv\u00e9 n\u00e1klady ke stavb\u011b p\u0159ipojit bo\u010dn\u00ed lod\u011b, vystav\u011bn\u00e9 v pozd\u011b gotick\u00e9m stylu, jejich\u017e sou\u010d\u00e1st\u00ed byla i tzv. Holcova orato\u0159 v pat\u0159e. Rafinovan\u00e9 \u0159e\u0161en\u00ed p\u0159edstavovala d\u0159ev\u011bn\u00e1 pavla\u010d, kter\u00e1 propojovala Holc\u016fv d\u016fm s orato\u0159\u00ed, d\u00edky \u010demu\u017e se Holec mohl bohoslu\u017eeb \u00fa\u010dastnit se zna\u010dn\u00fdm komfortem. Poz\u016fstatek po tomto prvku je zazd\u011bn\u00fd port\u00e1lek ve v\u00fd\u0161i patra, kter\u00fd lze pozorovat z uli\u010dky mezi Plat\u00fdzem a kostelem. Ke sv. Martinu n\u00e1le\u017eel takt\u00e9\u017e p\u0159il\u00e9haj\u00edc\u00ed h\u0159bitov, na kter\u00e9m byla mimo jin\u00e9 poh\u0159bena velk\u00e1 \u010d\u00e1st padl\u00fdch z bitvy na B\u00edl\u00e9 ho\u0159e roku 1620.<\/p>\n\n\n\n<p>V roce 1622 ofici\u00e1ln\u011b p\u0159ipadl do t\u00e9 doby reforma\u010dn\u011b orientovan\u00fd kostel katolick\u00e9 c\u00edrkvi. Z obdob\u00ed kolem roku 1650 poch\u00e1z\u00ed tak\u00e9 slavn\u00fd \u0160kr\u00e9t\u016fv obraz&nbsp;<strong>Sv. Martin se d\u011bl\u00ed s \u017eebr\u00e1kem o pl\u00e1\u0161\u0165<\/strong>, kter\u00fd byl sou\u010d\u00e1st\u00ed hlavn\u00edho olt\u00e1\u0159e kostela. Jeho poz\u016fstatkem je reprodukce obrazu vyhotoven\u00e1 v medailonu nad nov\u011b vznikl\u00fdm barokn\u00edm port\u00e1lem na severn\u00ed st\u011bn\u011b kostela, postaven\u00fdm v roce 1779. Pravd\u011bpodobn\u011b po po\u017e\u00e1ru v roce 1678 byl v kapli sv. Eligia vytvo\u0159en d\u0159ev\u011bn\u00fd malovan\u00fd z\u00e1klopov\u00fd trop s rostlinn\u00fdmi motivy. S barokn\u00ed kulturou se poj\u00ed i fakt, \u017ee na m\u00edst\u00edm h\u0159bitov\u011b byla poh\u0159bena cel\u00e1 v\u00fdznamn\u00e1 socha\u0159sk\u00e1 rodina Brokoff\u016f \u2013 pam\u011btn\u00ed desku od J. Ma\u0159atky, upom\u00ednaj\u00edc\u00ed na tyto osobnosti, dnes nalezneme na zdi kostela.<\/p>\n\n\n\n<p>V roce 1784 do\u0161lo ke zru\u0161en\u00ed kostela z na\u0159\u00edzen\u00ed c\u00edsa\u0159e Josefa II. potom, co jej v r\u00e1mci sv\u00e9 osobn\u00ed n\u00e1v\u0161t\u011bvy shledal \u201etmav\u00fdm, vlhk\u00fdm a se\u0161l\u00fdm\u201c. Budova pot\u00e9 slou\u017eila jako skladi\u0161t\u011b, bytov\u00fd d\u016fm, d\u016fm s obchody, hostila slavn\u00e9 lah\u016fdk\u00e1\u0159stv\u00ed i hostinec, pravd\u011bpodobn\u011b i s tan\u010d\u00edrnou, a zna\u010dn\u011b se tak v pr\u016fb\u011bhu let zm\u011bnil jej\u00ed r\u00e1z. Na p\u0159elomu 19. a 20. stolet\u00ed byla stavba zakoupena m\u011bstem a zrekonstruov\u00e1na zp\u011bt do sakr\u00e1ln\u00ed podoby&nbsp;<strong>Kamilem Hilbertem<\/strong>, architektem zn\u00e1m\u00fdm sv\u00fdm historizuj\u00edc\u00edm, ale z\u00e1rove\u0148 o v\u011bdeck\u00fd v\u00fdzkum podlo\u017een\u00fdm p\u0159\u00edstupem k obnov\u011b pam\u00e1tek. Sou\u010d\u00e1st\u00ed jeho z\u00e1sah\u016f bylo i kone\u010dn\u00e9 zru\u0161en\u00ed h\u0159bitova v bl\u00edzkosti kostela i krypt a hrobek uvnit\u0159 chr\u00e1mu. Po 1. sv. v\u00e1lce byla budova dlouhodob\u011b zap\u016fj\u010dena \u010ceskobratrsk\u00e9 c\u00edrkvi evangelick\u00e9, kter\u00e9 slou\u017e\u00ed pro celoc\u00edrkevn\u00ed \u00fa\u010dely dodnes.<\/p>\n","protected":false},"excerpt":{"rendered":"<p>Ned\u011bln\u00ed bohoslu\u017eby Bohoslu\u017eby cht\u011bj\u00ed b\u00fdt&nbsp;spole\u010denstv\u00edm otev\u0159en\u00fdm&nbsp;pro ka\u017ed\u00e9ho bez rozd\u00edlu. Sna\u017e\u00edme se o \u010dast\u00e9 st\u0159\u00edd\u00e1n\u00ed kazatel\u016f nejen z na\u0161\u00ed c\u00edrkve, v\u010detn\u011b student\u016f a vyu\u010duj\u00edc\u00edch z ETF UK, mysl\u00edme na pot\u0159ebn\u00e9 p\u0159i chr\u00e1mov\u00fdch sb\u00edrk\u00e1ch, usilujeme tak\u00e9 o ekumenickou spolupr\u00e1ci.Bohoslu\u017eby se&nbsp;konaj\u00ed v ned\u011bli&nbsp;po cel\u00fd rok&nbsp;v\u017edy od 19:30. Krom\u011b ned\u011bln\u00edch ve\u010der\u016f prob\u00edhaj\u00ed bohoslu\u017eby tak\u00e9 na c\u00edrkevn\u00ed sv\u00e1tky. Rozpis kazatel\u016f [&hellip;]<\/p>\n","protected":false},"author":1,"featured_media":66,"parent":0,"menu_order":0,"comment_status":"closed","ping_status":"closed","template":"","meta":{"footnotes":""},"class_list":["post-8","page","type-page","status-publish","has-post-thumbnail","hentry"],"rankMath":{"parentDomain":"mladez.evangnet.cz","noFollowDomains":[],"noFollowExcludeDomains":[],"noFollowExternalLinks":false,"featuredImageNotice":"Doporu\u010den\u00fd obr\u00e1zek by m\u011bl b\u00fdt alespo\u0148 200 x 200 pixel\u016f, aby jej bylo mo\u017en\u00e9 zachytit na Facebooku a na jin\u00fdch soci\u00e1ln\u00edch s\u00edt\u00edch.","pluginReviewed":false,"postSettings":{"linkSuggestions":true,"useFocusKeyword":false},"frontEndScore":false,"postName":"kostel-martina-ve-zdi","permalinkFormat":"https:\/\/mladez.evangnet.cz\/prazska\/%pagename%\/","showLockModifiedDate":true,"assessor":{"focusKeywordLink":"https:\/\/mladez.evangnet.cz\/prazska\/wp-admin\/edit.php?focus_keyword=%focus_keyword%&post_type=%post_type%","hasTOCPlugin":false,"primaryTaxonomy":false,"serpData":{"title":"","description":"","focusKeywords":"Kostel Martina ve Zdi","pillarContent":false,"canonicalUrl":"","breadcrumbTitle":"","advancedRobots":{"max-snippet":"-1","max-video-preview":"-1","max-image-preview":"large"},"facebookTitle":"","facebookDescription":"","facebookImage":"","facebookImageID":"","facebookHasOverlay":false,"facebookImageOverlay":"","facebookAuthor":"","twitterCardType":"","twitterUseFacebook":true,"twitterTitle":"","twitterDescription":"","twitterImage":"","twitterImageID":"","twitterHasOverlay":false,"twitterImageOverlay":"","twitterPlayerUrl":"","twitterPlayerSize":"","twitterPlayerStream":"","twitterPlayerStreamCtype":"","twitterAppDescription":"","twitterAppIphoneName":"","twitterAppIphoneID":"","twitterAppIphoneUrl":"","twitterAppIpadName":"","twitterAppIpadID":"","twitterAppIpadUrl":"","twitterAppGoogleplayName":"","twitterAppGoogleplayID":"","twitterAppGoogleplayUrl":"","twitterAppCountry":"","robots":{"index":true},"twitterAuthor":"u\u017eivatelsk\u00e9 jm\u00e9no","primaryTerm":0,"authorName":"Daniel Van\u010da","titleTemplate":"%title% %sep% %sitename%","descriptionTemplate":"%excerpt%","showScoreFrontend":true,"lockModifiedDate":false},"powerWords":[],"diacritics":{"A":"[\\u0041\\u24B6\\uFF21\\u00C0\\u00C1\\u00C2\\u1EA6\\u1EA4\\u1EAA\\u1EA8\\u00C3\\u0100\\u0102\\u1EB0\\u1EAE\\u1EB4\\u1EB2\\u0226\\u01E0\\u00C4\\u01DE\\u1EA2\\u00C5\\u01FA\\u01CD\\u0200\\u0202\\u1EA0\\u1EAC\\u1EB6\\u1E00\\u0104\\u023A\\u2C6F]","AA":"[\\uA732]","AE":"[\\u00C6\\u01FC\\u01E2]","AO":"[\\uA734]","AU":"[\\uA736]","AV":"[\\uA738\\uA73A]","AY":"[\\uA73C]","B":"[\\u0042\\u24B7\\uFF22\\u1E02\\u1E04\\u1E06\\u0243\\u0182\\u0181]","C":"[\\u0043\\u24B8\\uFF23\\u0106\\u0108\\u010A\\u010C\\u00C7\\u1E08\\u0187\\u023B\\uA73E]","D":"[\\u0044\\u24B9\\uFF24\\u1E0A\\u010E\\u1E0C\\u1E10\\u1E12\\u1E0E\\u0110\\u018B\\u018A\\u0189\\uA779]","DZ":"[\\u01F1\\u01C4]","Dz":"[\\u01F2\\u01C5]","E":"[\\u0045\\u24BA\\uFF25\\u00C8\\u00C9\\u00CA\\u1EC0\\u1EBE\\u1EC4\\u1EC2\\u1EBC\\u0112\\u1E14\\u1E16\\u0114\\u0116\\u00CB\\u1EBA\\u011A\\u0204\\u0206\\u1EB8\\u1EC6\\u0228\\u1E1C\\u0118\\u1E18\\u1E1A\\u0190\\u018E]","F":"[\\u0046\\u24BB\\uFF26\\u1E1E\\u0191\\uA77B]","G":"[\\u0047\\u24BC\\uFF27\\u01F4\\u011C\\u1E20\\u011E\\u0120\\u01E6\\u0122\\u01E4\\u0193\\uA7A0\\uA77D\\uA77E]","H":"[\\u0048\\u24BD\\uFF28\\u0124\\u1E22\\u1E26\\u021E\\u1E24\\u1E28\\u1E2A\\u0126\\u2C67\\u2C75\\uA78D]","I":"[\\u0049\\u24BE\\uFF29\\u00CC\\u00CD\\u00CE\\u0128\\u012A\\u012C\\u0130\\u00CF\\u1E2E\\u1EC8\\u01CF\\u0208\\u020A\\u1ECA\\u012E\\u1E2C\\u0197]","J":"[\\u004A\\u24BF\\uFF2A\\u0134\\u0248]","K":"[\\u004B\\u24C0\\uFF2B\\u1E30\\u01E8\\u1E32\\u0136\\u1E34\\u0198\\u2C69\\uA740\\uA742\\uA744\\uA7A2]","L":"[\\u004C\\u24C1\\uFF2C\\u013F\\u0139\\u013D\\u1E36\\u1E38\\u013B\\u1E3C\\u1E3A\\u0141\\u023D\\u2C62\\u2C60\\uA748\\uA746\\uA780]","LJ":"[\\u01C7]","Lj":"[\\u01C8]","M":"[\\u004D\\u24C2\\uFF2D\\u1E3E\\u1E40\\u1E42\\u2C6E\\u019C]","N":"[\\u004E\\u24C3\\uFF2E\\u01F8\\u0143\\u00D1\\u1E44\\u0147\\u1E46\\u0145\\u1E4A\\u1E48\\u0220\\u019D\\uA790\\uA7A4]","NJ":"[\\u01CA]","Nj":"[\\u01CB]","O":"[\\u004F\\u24C4\\uFF2F\\u00D2\\u00D3\\u00D4\\u1ED2\\u1ED0\\u1ED6\\u1ED4\\u00D5\\u1E4C\\u022C\\u1E4E\\u014C\\u1E50\\u1E52\\u014E\\u022E\\u0230\\u00D6\\u022A\\u1ECE\\u0150\\u01D1\\u020C\\u020E\\u01A0\\u1EDC\\u1EDA\\u1EE0\\u1EDE\\u1EE2\\u1ECC\\u1ED8\\u01EA\\u01EC\\u00D8\\u01FE\\u0186\\u019F\\uA74A\\uA74C]","OI":"[\\u01A2]","OO":"[\\uA74E]","OU":"[\\u0222]","P":"[\\u0050\\u24C5\\uFF30\\u1E54\\u1E56\\u01A4\\u2C63\\uA750\\uA752\\uA754]","Q":"[\\u0051\\u24C6\\uFF31\\uA756\\uA758\\u024A]","R":"[\\u0052\\u24C7\\uFF32\\u0154\\u1E58\\u0158\\u0210\\u0212\\u1E5A\\u1E5C\\u0156\\u1E5E\\u024C\\u2C64\\uA75A\\uA7A6\\uA782]","S":"[\\u0053\\u24C8\\uFF33\\u1E9E\\u015A\\u1E64\\u015C\\u1E60\\u0160\\u1E66\\u1E62\\u1E68\\u0218\\u015E\\u2C7E\\uA7A8\\uA784]","T":"[\\u0054\\u24C9\\uFF34\\u1E6A\\u0164\\u1E6C\\u021A\\u0162\\u1E70\\u1E6E\\u0166\\u01AC\\u01AE\\u023E\\uA786]","TZ":"[\\uA728]","U":"[\\u0055\\u24CA\\uFF35\\u00D9\\u00DA\\u00DB\\u0168\\u1E78\\u016A\\u1E7A\\u016C\\u00DC\\u01DB\\u01D7\\u01D5\\u01D9\\u1EE6\\u016E\\u0170\\u01D3\\u0214\\u0216\\u01AF\\u1EEA\\u1EE8\\u1EEE\\u1EEC\\u1EF0\\u1EE4\\u1E72\\u0172\\u1E76\\u1E74\\u0244]","V":"[\\u0056\\u24CB\\uFF36\\u1E7C\\u1E7E\\u01B2\\uA75E\\u0245]","VY":"[\\uA760]","W":"[\\u0057\\u24CC\\uFF37\\u1E80\\u1E82\\u0174\\u1E86\\u1E84\\u1E88\\u2C72]","X":"[\\u0058\\u24CD\\uFF38\\u1E8A\\u1E8C]","Y":"[\\u0059\\u24CE\\uFF39\\u1EF2\\u00DD\\u0176\\u1EF8\\u0232\\u1E8E\\u0178\\u1EF6\\u1EF4\\u01B3\\u024E\\u1EFE]","Z":"[\\u005A\\u24CF\\uFF3A\\u0179\\u1E90\\u017B\\u017D\\u1E92\\u1E94\\u01B5\\u0224\\u2C7F\\u2C6B\\uA762]","a":"[\\u0061\\u24D0\\uFF41\\u1E9A\\u00E0\\u00E1\\u00E2\\u1EA7\\u1EA5\\u1EAB\\u1EA9\\u00E3\\u0101\\u0103\\u1EB1\\u1EAF\\u1EB5\\u1EB3\\u0227\\u01E1\\u00E4\\u01DF\\u1EA3\\u00E5\\u01FB\\u01CE\\u0201\\u0203\\u1EA1\\u1EAD\\u1EB7\\u1E01\\u0105\\u2C65\\u0250]","aa":"[\\uA733]","ae":"[\\u00E6\\u01FD\\u01E3]","ao":"[\\uA735]","au":"[\\uA737]","av":"[\\uA739\\uA73B]","ay":"[\\uA73D]","b":"[\\u0062\\u24D1\\uFF42\\u1E03\\u1E05\\u1E07\\u0180\\u0183\\u0253]","c":"[\\u0063\\u24D2\\uFF43\\u0107\\u0109\\u010B\\u010D\\u00E7\\u1E09\\u0188\\u023C\\uA73F\\u2184]","d":"[\\u0064\\u24D3\\uFF44\\u1E0B\\u010F\\u1E0D\\u1E11\\u1E13\\u1E0F\\u0111\\u018C\\u0256\\u0257\\uA77A]","dz":"[\\u01F3\\u01C6]","e":"[\\u0065\\u24D4\\uFF45\\u00E8\\u00E9\\u00EA\\u1EC1\\u1EBF\\u1EC5\\u1EC3\\u1EBD\\u0113\\u1E15\\u1E17\\u0115\\u0117\\u00EB\\u1EBB\\u011B\\u0205\\u0207\\u1EB9\\u1EC7\\u0229\\u1E1D\\u0119\\u1E19\\u1E1B\\u0247\\u025B\\u01DD]","f":"[\\u0066\\u24D5\\uFF46\\u1E1F\\u0192\\uA77C]","g":"[\\u0067\\u24D6\\uFF47\\u01F5\\u011D\\u1E21\\u011F\\u0121\\u01E7\\u0123\\u01E5\\u0260\\uA7A1\\u1D79\\uA77F]","h":"[\\u0068\\u24D7\\uFF48\\u0125\\u1E23\\u1E27\\u021F\\u1E25\\u1E29\\u1E2B\\u1E96\\u0127\\u2C68\\u2C76\\u0265]","hv":"[\\u0195]","i":"[\\u0069\\u24D8\\uFF49\\u00EC\\u00ED\\u00EE\\u0129\\u012B\\u012D\\u00EF\\u1E2F\\u1EC9\\u01D0\\u0209\\u020B\\u1ECB\\u012F\\u1E2D\\u0268\\u0131]","j":"[\\u006A\\u24D9\\uFF4A\\u0135\\u01F0\\u0249]","k":"[\\u006B\\u24DA\\uFF4B\\u1E31\\u01E9\\u1E33\\u0137\\u1E35\\u0199\\u2C6A\\uA741\\uA743\\uA745\\uA7A3]","l":"[\\u006C\\u24DB\\uFF4C\\u0140\\u013A\\u013E\\u1E37\\u1E39\\u013C\\u1E3D\\u1E3B\\u017F\\u0142\\u019A\\u026B\\u2C61\\uA749\\uA781\\uA747]","lj":"[\\u01C9]","m":"[\\u006D\\u24DC\\uFF4D\\u1E3F\\u1E41\\u1E43\\u0271\\u026F]","n":"[\\u006E\\u24DD\\uFF4E\\u01F9\\u0144\\u00F1\\u1E45\\u0148\\u1E47\\u0146\\u1E4B\\u1E49\\u019E\\u0272\\u0149\\uA791\\uA7A5]","nj":"[\\u01CC]","o":"[\\u006F\\u24DE\\uFF4F\\u00F2\\u00F3\\u00F4\\u1ED3\\u1ED1\\u1ED7\\u1ED5\\u00F5\\u1E4D\\u022D\\u1E4F\\u014D\\u1E51\\u1E53\\u014F\\u022F\\u0231\\u00F6\\u022B\\u1ECF\\u0151\\u01D2\\u020D\\u020F\\u01A1\\u1EDD\\u1EDB\\u1EE1\\u1EDF\\u1EE3\\u1ECD\\u1ED9\\u01EB\\u01ED\\u00F8\\u01FF\\u0254\\uA74B\\uA74D\\u0275]","oi":"[\\u01A3]","ou":"[\\u0223]","oo":"[\\uA74F]","p":"[\\u0070\\u24DF\\uFF50\\u1E55\\u1E57\\u01A5\\u1D7D\\uA751\\uA753\\uA755]","q":"[\\u0071\\u24E0\\uFF51\\u024B\\uA757\\uA759]","r":"[\\u0072\\u24E1\\uFF52\\u0155\\u1E59\\u0159\\u0211\\u0213\\u1E5B\\u1E5D\\u0157\\u1E5F\\u024D\\u027D\\uA75B\\uA7A7\\uA783]","s":"[\\u0073\\u24E2\\uFF53\\u015B\\u1E65\\u015D\\u1E61\\u0161\\u1E67\\u1E63\\u1E69\\u0219\\u015F\\u023F\\uA7A9\\uA785\\u1E9B]","ss":"[\\u00DF]","t":"[\\u0074\\u24E3\\uFF54\\u1E6B\\u1E97\\u0165\\u1E6D\\u021B\\u0163\\u1E71\\u1E6F\\u0167\\u01AD\\u0288\\u2C66\\uA787]","tz":"[\\uA729]","u":"[\\u0075\\u24E4\\uFF55\\u00F9\\u00FA\\u00FB\\u0169\\u1E79\\u016B\\u1E7B\\u016D\\u00FC\\u01DC\\u01D8\\u01D6\\u01DA\\u1EE7\\u016F\\u0171\\u01D4\\u0215\\u0217\\u01B0\\u1EEB\\u1EE9\\u1EEF\\u1EED\\u1EF1\\u1EE5\\u1E73\\u0173\\u1E77\\u1E75\\u0289]","v":"[\\u0076\\u24E5\\uFF56\\u1E7D\\u1E7F\\u028B\\uA75F\\u028C]","vy":"[\\uA761]","w":"[\\u0077\\u24E6\\uFF57\\u1E81\\u1E83\\u0175\\u1E87\\u1E85\\u1E98\\u1E89\\u2C73]","x":"[\\u0078\\u24E7\\uFF58\\u1E8B\\u1E8D]","y":"[\\u0079\\u24E8\\uFF59\\u1EF3\\u00FD\\u0177\\u1EF9\\u0233\\u1E8F\\u00FF\\u1EF7\\u1E99\\u1EF5\\u01B4\\u024F\\u1EFF]","z":"[\\u007A\\u24E9\\uFF5A\\u017A\\u1E91\\u017C\\u017E\\u1E93\\u1E95\\u01B6\\u0225\\u0240\\u2C6C\\uA763]"},"researchesTests":["contentHasTOC","contentHasShortParagraphs","contentHasAssets","keywordInTitle","keywordInMetaDescription","keywordInPermalink","keywordIn10Percent","keywordInContent","keywordInSubheadings","keywordInImageAlt","keywordDensity","keywordNotUsed","lengthContent","lengthPermalink","linksHasInternal","linksHasExternals","linksNotAllExternals","titleStartWithKeyword","titleSentiment","titleHasPowerWords","titleHasNumber","hasContentAI"],"hasRedirection":false,"hasBreadcrumb":false},"homeUrl":"https:\/\/mladez.evangnet.cz\/prazska","objectID":8,"objectType":"post","locale":"cs","localeFull":"cs_CZ","overlayImages":{"play":{"name":"Ikona p\u0159ehr\u00e1v\u00e1n\u00ed","url":"https:\/\/mladez.evangnet.cz\/prazska\/wp-content\/plugins\/seo-by-rank-math\/assets\/admin\/img\/icon-play.png","path":"\/home\/eusers\/e-mladez\/public\/wp-content\/plugins\/seo-by-rank-math\/assets\/admin\/img\/icon-play.png","position":"middle_center"},"gif":{"name":"GIF ikona","url":"https:\/\/mladez.evangnet.cz\/prazska\/wp-content\/plugins\/seo-by-rank-math\/assets\/admin\/img\/icon-gif.png","path":"\/home\/eusers\/e-mladez\/public\/wp-content\/plugins\/seo-by-rank-math\/assets\/admin\/img\/icon-gif.png","position":"middle_center"}},"defautOgImage":"https:\/\/mladez.evangnet.cz\/prazska\/wp-content\/plugins\/seo-by-rank-math\/assets\/admin\/img\/social-placeholder.jpg","customPermalinks":true,"isUserRegistered":true,"autoSuggestKeywords":true,"connectSiteUrl":"https:\/\/rankmath.com\/auth?site=https%3A%2F%2Fmladez.evangnet.cz%2Fprazska&r=https%3A%2F%2Fmladez.evangnet.cz%2Fprazska%2Fwp-json%2Fwp%2Fv2%2Fpages%2F8%3Fnonce%3D9db847b7be","maxTags":5,"trendsIcon":"<svg viewBox=\"0 0 610 610\"><path d=\"M18.85,446,174.32,290.48l58.08,58.08L76.93,504a14.54,14.54,0,0,1-20.55,0L18.83,466.48a14.54,14.54,0,0,1,0-20.55Z\" style=\"fill:#4285f4\"\/><path d=\"M242.65,242.66,377.59,377.6l-47.75,47.75a14.54,14.54,0,0,1-20.55,0L174.37,290.43l47.75-47.75A14.52,14.52,0,0,1,242.65,242.66Z\" style=\"fill:#ea4335\"\/><polygon points=\"319.53 319.53 479.26 159.8 537.34 217.88 377.61 377.62 319.53 319.53\" style=\"fill:#fabb05\"\/><path d=\"M594.26,262.73V118.61h0a16.94,16.94,0,0,0-16.94-16.94H433.2a16.94,16.94,0,0,0-12,28.92L565.34,274.71h0a16.94,16.94,0,0,0,28.92-12Z\" style=\"fill:#34a853\"\/><rect width=\"610\" height=\"610\" style=\"fill:none\"\/><\/svg>","showScore":true,"siteFavIcon":"https:\/\/mladez.evangnet.cz\/prazska\/wp-content\/uploads\/sites\/3\/2024\/09\/cropped-logo-pem-32x32.webp","canUser":{"general":false,"advanced":false,"snippet":false,"social":false,"analysis":false,"analytics":false,"content_ai":false},"showKeywordIntent":true,"isPro":false,"is_front_page":false,"trendsUpgradeLink":"https:\/\/rankmath.com\/pricing\/?utm_source=Plugin&utm_medium=CE%20General%20Tab%20Trends&utm_campaign=WP","trendsUpgradeLabel":"Upgradovat","trendsPreviewImage":"https:\/\/mladez.evangnet.cz\/prazska\/wp-content\/plugins\/seo-by-rank-math\/assets\/admin\/img\/trends-preview.jpg","currentEditor":false,"homepageData":{"assessor":{"powerWords":[],"diacritics":true,"researchesTests":["contentHasTOC","contentHasShortParagraphs","contentHasAssets","keywordInTitle","keywordInMetaDescription","keywordInPermalink","keywordIn10Percent","keywordInContent","keywordInSubheadings","keywordInImageAlt","keywordDensity","keywordNotUsed","lengthContent","lengthPermalink","linksHasInternal","linksHasExternals","linksNotAllExternals","titleStartWithKeyword","titleSentiment","titleHasPowerWords","titleHasNumber","hasContentAI"],"hasBreadcrumb":false,"serpData":{"title":"%sitename% %page% %sep% %sitedesc%","description":"","titleTemplate":"%sitename% %page% %sep% %sitedesc%","descriptionTemplate":"","focusKeywords":"","breadcrumbTitle":"Home","robots":{"index":true},"advancedRobots":{"max-snippet":"-1","max-video-preview":"-1","max-image-preview":"large"},"facebookTitle":"","facebookDescription":"","facebookImage":"","facebookImageID":""}}}},"_links":{"self":[{"href":"https:\/\/mladez.evangnet.cz\/prazska\/wp-json\/wp\/v2\/pages\/8","targetHints":{"allow":["GET"]}}],"collection":[{"href":"https:\/\/mladez.evangnet.cz\/prazska\/wp-json\/wp\/v2\/pages"}],"about":[{"href":"https:\/\/mladez.evangnet.cz\/prazska\/wp-json\/wp\/v2\/types\/page"}],"author":[{"embeddable":true,"href":"https:\/\/mladez.evangnet.cz\/prazska\/wp-json\/wp\/v2\/users\/1"}],"replies":[{"embeddable":true,"href":"https:\/\/mladez.evangnet.cz\/prazska\/wp-json\/wp\/v2\/comments?post=8"}],"version-history":[{"count":18,"href":"https:\/\/mladez.evangnet.cz\/prazska\/wp-json\/wp\/v2\/pages\/8\/revisions"}],"predecessor-version":[{"id":197,"href":"https:\/\/mladez.evangnet.cz\/prazska\/wp-json\/wp\/v2\/pages\/8\/revisions\/197"}],"wp:featuredmedia":[{"embeddable":true,"href":"https:\/\/mladez.evangnet.cz\/prazska\/wp-json\/wp\/v2\/media\/66"}],"wp:attachment":[{"href":"https:\/\/mladez.evangnet.cz\/prazska\/wp-json\/wp\/v2\/media?parent=8"}],"curies":[{"name":"wp","href":"https:\/\/api.w.org\/{rel}","templated":true}]}}