{"id":138,"date":"2024-09-16T11:30:02","date_gmt":"2024-09-16T09:30:02","guid":{"rendered":"https:\/\/mladez.evangnet.cz\/prazska\/?page_id=138"},"modified":"2026-03-18T20:27:20","modified_gmt":"2026-03-18T19:27:20","slug":"aktuality","status":"publish","type":"page","link":"https:\/\/mladez.evangnet.cz\/prazska\/aktuality\/","title":{"rendered":"Aktuality"},"content":{"rendered":"\n<p>Novinky a aktu\u00e1ln\u00ed d\u011bn\u00ed na\u0161\u00ed ml\u00e1de\u017ee naleznete na na\u0161em <a href=\"https:\/\/www.facebook.com\/PrazskaEvangelickaMladez\/\" target=\"_blank\" rel=\"noreferrer noopener\">facebooku<\/a> nebo <a href=\"https:\/\/www.instagram.com\/somzprahy\/\" target=\"_blank\" rel=\"noreferrer noopener\">instagramu<\/a>. <\/p>\n\n\n\n<div style=\"height:50px\" aria-hidden=\"true\" class=\"wp-block-spacer\"><\/div>\n\n\n\n<hr>\n\n\n\n<figure class=\"wp-block-image size-full is-resized t-a-c\"><img decoding=\"async\" src=\"https:\/\/mladez.evangnet.cz\/prazska\/wp-content\/uploads\/sites\/3\/2026\/03\/7e7fb130-1.png\" alt=\"\" class=\"wp-image-561\" style=\"width:700px\" \/><\/figure>\n","protected":false},"excerpt":{"rendered":"<p>Novinky a aktu\u00e1ln\u00ed d\u011bn\u00ed na\u0161\u00ed ml\u00e1de\u017ee naleznete na na\u0161em facebooku nebo instagramu.<\/p>\n","protected":false},"author":1,"featured_media":0,"parent":0,"menu_order":0,"comment_status":"closed","ping_status":"closed","template":"","meta":{"zakra_page_container_layout":"customizer","zakra_page_sidebar_layout":"customizer","zakra_remove_content_margin":false,"zakra_sidebar":"customizer","zakra_transparent_header":"customizer","zakra_logo":0,"zakra_main_header_style":"default","zakra_menu_item_color":"","zakra_menu_item_hover_color":"","zakra_menu_item_active_color":"","zakra_menu_active_style":"","zakra_page_header":true,"footnotes":""},"class_list":["post-138","page","type-page","status-publish","hentry"],"_links":{"self":[{"href":"https:\/\/mladez.evangnet.cz\/prazska\/wp-json\/wp\/v2\/pages\/138","targetHints":{"allow":["GET"]}}],"collection":[{"href":"https:\/\/mladez.evangnet.cz\/prazska\/wp-json\/wp\/v2\/pages"}],"about":[{"href":"https:\/\/mladez.evangnet.cz\/prazska\/wp-json\/wp\/v2\/types\/page"}],"author":[{"embeddable":true,"href":"https:\/\/mladez.evangnet.cz\/prazska\/wp-json\/wp\/v2\/users\/1"}],"replies":[{"embeddable":true,"href":"https:\/\/mladez.evangnet.cz\/prazska\/wp-json\/wp\/v2\/comments?post=138"}],"version-history":[{"count":12,"href":"https:\/\/mladez.evangnet.cz\/prazska\/wp-json\/wp\/v2\/pages\/138\/revisions"}],"predecessor-version":[{"id":562,"href":"https:\/\/mladez.evangnet.cz\/prazska\/wp-json\/wp\/v2\/pages\/138\/revisions\/562"}],"wp:attachment":[{"href":"https:\/\/mladez.evangnet.cz\/prazska\/wp-json\/wp\/v2\/media?parent=138"}],"curies":[{"name":"wp","href":"https:\/\/api.w.org\/{rel}","templated":true}]}}