{"id":14,"date":"2025-05-16T08:44:49","date_gmt":"2025-05-16T06:44:49","guid":{"rendered":"https:\/\/mladez.evangnet.cz\/moravskoslezska\/?page_id=14"},"modified":"2025-11-27T14:57:10","modified_gmt":"2025-11-27T13:57:10","slug":"o-mladezi","status":"publish","type":"page","link":"https:\/\/mladez.evangnet.cz\/moravskoslezska\/o-mladezi\/","title":{"rendered":"O ml\u00e1de\u017ei"},"content":{"rendered":"\n<p>Jsme mlad\u00ed k\u0159es\u0165an\u00e9, obvykle star\u0161\u00ed 13 let, nej\u010dast\u011bji z\u00a0<strong>\u010ceskobratrsk\u00e9 c\u00edrkve evangelick\u00e9<\/strong>\u00a0(\u010cCE). Sch\u00e1z\u00edme se v ml\u00e1de\u017e\u00edch, kter\u00e9 obvykle vznikaj\u00ed pod jednotliv\u00fdmi <a href=\"https:\/\/mladez.evangnet.cz\/moravskoslezska\/sbory\/\" data-type=\"page\" data-id=\"1320\">sbory<\/a>. Na t\u011bchto pravideln\u00fdch setk\u00e1n\u00edch se pod veden\u00edm far\u00e1\u0159e zam\u00fd\u0161l\u00edme nad biblick\u00fdmi texty, modl\u00edme se, zp\u00edv\u00e1me z na\u0161eho zp\u011bvn\u00edku Sv\u00edt\u00e1 a spole\u010dn\u011b si pom\u00e1h\u00e1me naj\u00edt cestu k Bohu. Mimo to ale tak\u00e9 hrajeme hry, vzd\u011bl\u00e1v\u00e1me se, nav\u0161t\u011bvujeme kulturn\u00ed akce a u\u017e\u00edv\u00e1me si otev\u0159en\u00e9ho spole\u010denstv\u00ed, kde je ka\u017ed\u00fd srde\u010dn\u011b v\u00edt\u00e1n.<\/p>\n\n\n\n<p>Nyn\u00ed se nach\u00e1z\u00ed\u0161 na webov\u00fdch str\u00e1nk\u00e1ch ml\u00e1de\u017ee z Moravskoslezsk\u00e9ho senior\u00e1tu. Ostatn\u00ed senior\u00e1ty maj\u00ed v\u011bt\u0161inou sv\u00e9 vlastn\u00ed str\u00e1nky, krom\u011b nich existuje t\u00e9\u017e v\u0161eobecn\u00fd&nbsp;<a href=\"https:\/\/mladez.evangnet.cz\/\">web Evangelick\u00e9 ml\u00e1de\u017ee<\/a>.<\/p>\n\n\n\n<h2 class=\"wp-block-heading\">Pravideln\u00e9 akce v MSS<\/h2>\n\n\n\n<p>Informace o nejbli\u017e\u0161\u00ed pl\u00e1novan\u00e9 akci v\u017edy najde\u0161 v sekci&nbsp;<a href=\"https:\/\/mladez.evangnet.cz\/moravskoslezska\/akce-msmladez\/\">Akce<\/a>. <strong>Pravideln\u00e1 <a href=\"https:\/\/mladez.evangnet.cz\/moravskoslezska\/sbory\/\" data-type=\"page\" data-id=\"1320\">setk\u00e1n\u00ed ve sborech najde\u0161 zde<\/a><\/strong>.<\/p>\n\n\n\n<p><strong>Letn\u00ed senior\u00e1tn\u00ed t\u00fdden (LST)&nbsp;<\/strong>je nejv\u011bt\u0161\u00ed akc\u00ed, kterou organizuje n\u00e1\u0161 SOM. Kon\u00e1 se zpravidla posledn\u00ed t\u00fdden pr\u00e1zdnin. Jedn\u00e1 se o t\u00fddenn\u00ed akci plnou p\u0159edn\u00e1\u0161ek, her, d\u00edlen, diskuz\u00ed, sport\u016f, nebo nap\u0159. talentov\u00e9ho ve\u010deru.<\/p>\n\n\n\n<p><strong>Super Kardio V\u00edkend<\/strong>&nbsp;je sportovn\u00ed v\u00edkendovka, kter\u00e1 se kon\u00e1 v\u011bt\u0161inou v listopadu \u010di v prosinci. B\u011bhem n\u00ed si u\u017eijeme jak klasick\u00e9 sporty v t\u011blocvi\u010dn\u011b, tak i m\u00e9n\u011b tradi\u010dn\u00ed \u010dinnosti jako t\u0159eba bouldering \u010di trampol\u00edny.<\/p>\n\n\n\n<p>Na&nbsp;<strong>Kreativn\u00ed v\u00edkendovce<\/strong>&nbsp;maj\u00ed ml\u00e1de\u017en\u00edci z na\u0161eho senior\u00e1tu mo\u017enost uk\u00e1zat formou workshop\u016f, \u010demu se ve voln\u00e9m \u010dase v\u011bnuj\u00ed a inspirovat tak ostatn\u00ed. Letos nov\u011b zveme i ml\u00e1de\u017en\u00edky z V\u00fdchodomoravsk\u00e9ho senior\u00e1tu.<\/p>\n\n\n\n<p><strong>Brig\u00e1da<\/strong>&nbsp;je komorn\u011bj\u0161\u00ed akce, kter\u00e1 se kon\u00e1 v\u011bt\u0161inou v dubnu (abychom u\u017e u pr\u00e1ce nezmrzli, ale je\u0161t\u011b nedostali \u00fapal). Tradi\u010dn\u011b pom\u00e1h\u00e1me v n\u011bjak\u00e9m sboru t\u0159eba na farn\u00ed zahrad\u011b.<\/p>\n\n\n\n<p>P\u0159ed letn\u00edmi pr\u00e1zdninami pak je\u0161t\u011b n\u011bkdy stihneme jet na&nbsp;<strong>Vodu<\/strong>&nbsp;nebo na&nbsp;<strong>Pu\u0165\u00e1k<\/strong>.<\/p>\n\n\n\n<p><strong><a href=\"https:\/\/mladez.evangnet.cz\/moravskoslezska\/akce-msmladez\/mladsi\/\" target=\"_blank\" rel=\"noreferrer noopener\">Konfirmandi a mlad\u0161\u00ed ml\u00e1de\u017e<\/a>&nbsp;<\/strong>maj\u00ed svou v\u00edkendovku n\u011bkolikr\u00e1t do roka. Zvl\u00e1\u0161\u0165 se tato akce hod\u00ed pro ty, kte\u0159\u00ed jsou v ml\u00e1de\u017ei nov\u00ed (ur\u010dena pro v\u011bk 12-15). Program je jednodu\u0161\u0161\u00ed a zam\u011b\u0159uje se na spole\u010dn\u00e9 hry, zp\u011bv a biblick\u00fd program.<\/p>\n\n\n\n<p><strong><a rel=\"noreferrer noopener\" href=\"http:\/\/travna.cz\/\" target=\"_blank\">Akce na Travn\u00e9<\/a><\/strong>&nbsp;po\u0159\u00e1d\u00e1 Regeneration t\u00fdm spolku Setk\u00e1v\u00e1n\u00ed Travn\u00e1 z.s. jeho\u017e viz\u00ed je vytv\u00e1\u0159et spole\u010denstv\u00ed do kter\u00e9ho lid\u00e9&nbsp;snadno zapadnou, ve kter\u00e9m jsou lid\u00e9&nbsp;p\u0159ij\u00edm\u00e1ni&nbsp;takov\u00ed, jac\u00ed jsou a kde jsou lid\u00e9&nbsp;propojeni hlubok\u00fdm p\u0159\u00e1telstv\u00edm. Propojuje lidi z r\u016fzn\u00fdch c\u00edrkv\u00ed, a\u010dkoli pod \u017e\u00e1dnou konkr\u00e9tn\u00ed c\u00edrkev nespad\u00e1.<\/p>\n\n\n\n<p><strong><a href=\"https:\/\/mladez.evangnet.cz\/moravskoslezska\/sbory\/\">Pravideln\u00e1 setk\u00e1n\u00ed ml\u00e1de\u017ee<\/a><\/strong>\u00a0se konaj\u00ed v jednotliv\u00fdch sborech \u010cCE. Ka\u017ed\u00fd t\u00fdden moment\u00e1ln\u011b minim\u00e1ln\u011b v Olomouci, Prost\u011bjov\u011b, Ostrav\u011b,\u00a0<a href=\"https:\/\/dorostmladez.cz\/\" target=\"_blank\" rel=\"noreferrer noopener\">\u010cesk\u00e9m T\u011b\u0161\u00edn\u011b<\/a>, Hodslavic\u00edch a jednou za \u010das v Nov\u00e9m Ji\u010d\u00edn\u011b. Pokud si p\u0159eje\u0161 n\u011bkterou z lok\u00e1ln\u00edch ml\u00e1de\u017e\u00ed kontaktovat, nebo m\u00e1\u0161 na n\u00e1s n\u011bjak\u00fd jin\u00fd dotaz, nev\u00e1hej napsat na n\u00e1\u0161\u00a0<a href=\"https:\/\/facebook.com\/msmladez\" target=\"_blank\" rel=\"noreferrer noopener\">facebook<\/a>,\u00a0<a href=\"https:\/\/m.me\/msmladez\" target=\"_blank\" rel=\"noreferrer noopener\">messenger<\/a>, <a href=\"https:\/\/mladez.evangnet.cz\/moravskoslezska\/o-mladezi\/pastoracni-pracovnici-pro-mladez\/\" data-type=\"page\" data-id=\"1424\">pastora\u010dn\u00edm pracovn\u00edk\u016fm pro ml\u00e1de\u017e<\/a>, nebo email\u00a0moravskoslezska-mladez@evangnet.cz a my t\u011b nasm\u011brujeme.<\/p>\n\n\n\n<p><strong>Spole\u010dn\u00e9 ml\u00e1de\u017ee<\/strong>&nbsp;b\u00fdvaj\u00ed nepravideln\u00fdm jednove\u010dern\u00edm \u010di v\u00edkendov\u00fdm setk\u00e1n\u00edm a konaj\u00ed se nez\u00e1visle podle v\u016fle ml\u00e1de\u017en\u00edk\u016f z konkr\u00e9tn\u00edho m\u011bsta \u010di jeho okol\u00ed. \u010casto zahrnuj\u00ed dlouh\u00e9 ponocov\u00e1n\u00ed \u010di sledov\u00e1n\u00ed filmu.<\/p>\n\n\n\n<h2 class=\"wp-block-heading\">Senior\u00e1t<\/h2>\n\n\n\n<p>Stejn\u011b jako sbory c\u00edrkve se jednotliv\u00e9 ml\u00e1de\u017ee spojuj\u00ed pod senior\u00e1ty (c\u00edrkevn\u00ed obdoba \u201ekraj\u016f\u201c). N\u00e1\u0161&nbsp;<em>Moravskoslezsk\u00fd senior\u00e1t (MSS)<\/em>&nbsp;zahrnuje Moravskoslezsk\u00fd a Olomouck\u00fd kraj. Ml\u00e1de\u017en\u00edky zde zastupuje&nbsp;<strong><a href=\"https:\/\/mladez.evangnet.cz\/moravskoslezska\/som\/\">senior\u00e1tn\u00ed odbor ml\u00e1de\u017ee<\/a><\/strong>&nbsp;(SOM).<\/p>\n\n\n\n<p>Pod veden\u00edm SOMu se b\u011bhem roku sch\u00e1z\u00edme na r\u016fzn\u00fdch akc\u00edch, nej\u010dast\u011bji na v\u00edkend. Program akc\u00ed je velmi pestr\u00fd, zahrnuje jak duchovn\u00ed, tak praktick\u00e9 a vzd\u011bl\u00e1vac\u00ed aktivity. J\u00e1drem v\u0161ak z\u016fst\u00e1v\u00e1 k\u0159es\u0165ansk\u00e9 spole\u010denstv\u00ed. Akce jsou po\u0159\u00e1d\u00e1ny v otev\u0159en\u00e9m duchu a r\u00e1di (a \u010dasto) na nich p\u0159iv\u00edt\u00e1me nov\u00e9 tv\u00e1\u0159e.<\/p>\n\n\n\n<p>Dal\u0161\u00ed akce v na\u0161em senior\u00e1tu organizuj\u00ed tak\u00e9 jednotliv\u00ed ml\u00e1de\u017en\u00edci \u010di nez\u00e1visl\u00e9 spolky. \u00dazce spolupracujeme se spolkem&nbsp;<a href=\"http:\/\/moravskoslezsky.semcr.cz\/\" target=\"_blank\" rel=\"noreferrer noopener\">Moravskoslezsk\u00fd SEM<\/a>, kter\u00fd n\u00e1m pom\u00e1h\u00e1 s finan\u010dn\u00edmi a pr\u00e1vn\u00edmi z\u00e1le\u017eitostmi. Tak\u00e9 se r\u00e1di \u00fa\u010dastn\u00edme akc\u00ed na&nbsp;<a href=\"https:\/\/travna.cz\/\" target=\"_blank\" rel=\"noreferrer noopener\">Travn\u00e9<\/a>.<\/p>\n","protected":false},"excerpt":{"rendered":"<p>Jsme mlad\u00ed k\u0159es\u0165an\u00e9, obvykle star\u0161\u00ed 13 let, nej\u010dast\u011bji z\u00a0\u010ceskobratrsk\u00e9 c\u00edrkve evangelick\u00e9\u00a0(\u010cCE). Sch\u00e1z\u00edme se v ml\u00e1de\u017e\u00edch, kter\u00e9 obvykle vznikaj\u00ed pod jednotliv\u00fdmi sbory. Na t\u011bchto pravideln\u00fdch setk\u00e1n\u00edch se pod veden\u00edm far\u00e1\u0159e zam\u00fd\u0161l\u00edme nad biblick\u00fdmi texty, modl\u00edme se, zp\u00edv\u00e1me z na\u0161eho zp\u011bvn\u00edku Sv\u00edt\u00e1 a spole\u010dn\u011b si pom\u00e1h\u00e1me naj\u00edt cestu k Bohu. Mimo to ale tak\u00e9 hrajeme hry, vzd\u011bl\u00e1v\u00e1me [&hellip;]<\/p>\n","protected":false},"author":1,"featured_media":0,"parent":0,"menu_order":0,"comment_status":"closed","ping_status":"closed","template":"","meta":{"footnotes":""},"class_list":["post-14","page","type-page","status-publish","hentry"],"rankMath":{"parentDomain":"mladez.evangnet.cz","noFollowDomains":[],"noFollowExcludeDomains":[],"noFollowExternalLinks":false,"featuredImageNotice":"Doporu\u010den\u00fd obr\u00e1zek by m\u011bl b\u00fdt alespo\u0148 200 x 200 pixel\u016f, aby jej bylo mo\u017en\u00e9 zachytit na Facebooku a na jin\u00fdch soci\u00e1ln\u00edch s\u00edt\u00edch.","pluginReviewed":false,"postSettings":{"linkSuggestions":true,"useFocusKeyword":false},"frontEndScore":false,"postName":"o-mladezi","permalinkFormat":"https:\/\/mladez.evangnet.cz\/moravskoslezska\/%pagename%\/","showLockModifiedDate":true,"assessor":{"focusKeywordLink":"https:\/\/mladez.evangnet.cz\/moravskoslezska\/wp-admin\/edit.php?focus_keyword=%focus_keyword%&post_type=%post_type%","hasTOCPlugin":false,"primaryTaxonomy":false,"serpData":{"title":"","description":"","focusKeywords":"O ml\u00e1de\u017ei","pillarContent":false,"canonicalUrl":"","breadcrumbTitle":"","advancedRobots":[],"facebookTitle":"","facebookDescription":"","facebookImage":"","facebookImageID":"","facebookHasOverlay":false,"facebookImageOverlay":"","facebookAuthor":"","twitterCardType":"","twitterUseFacebook":true,"twitterTitle":"","twitterDescription":"","twitterImage":"","twitterImageID":"","twitterHasOverlay":false,"twitterImageOverlay":"","twitterPlayerUrl":"","twitterPlayerSize":"","twitterPlayerStream":"","twitterPlayerStreamCtype":"","twitterAppDescription":"","twitterAppIphoneName":"","twitterAppIphoneID":"","twitterAppIphoneUrl":"","twitterAppIpadName":"","twitterAppIpadID":"","twitterAppIpadUrl":"","twitterAppGoogleplayName":"","twitterAppGoogleplayID":"","twitterAppGoogleplayUrl":"","twitterAppCountry":"","robots":{"index":true},"twitterAuthor":"u\u017eivatelsk\u00e9 jm\u00e9no","primaryTerm":0,"authorName":"Daniel Van\u010da","titleTemplate":"%title% %sep% %sitename%","descriptionTemplate":"%excerpt%","showScoreFrontend":true,"lockModifiedDate":false},"powerWords":[],"diacritics":{"A":"[\\u0041\\u24B6\\uFF21\\u00C0\\u00C1\\u00C2\\u1EA6\\u1EA4\\u1EAA\\u1EA8\\u00C3\\u0100\\u0102\\u1EB0\\u1EAE\\u1EB4\\u1EB2\\u0226\\u01E0\\u00C4\\u01DE\\u1EA2\\u00C5\\u01FA\\u01CD\\u0200\\u0202\\u1EA0\\u1EAC\\u1EB6\\u1E00\\u0104\\u023A\\u2C6F]","AA":"[\\uA732]","AE":"[\\u00C6\\u01FC\\u01E2]","AO":"[\\uA734]","AU":"[\\uA736]","AV":"[\\uA738\\uA73A]","AY":"[\\uA73C]","B":"[\\u0042\\u24B7\\uFF22\\u1E02\\u1E04\\u1E06\\u0243\\u0182\\u0181]","C":"[\\u0043\\u24B8\\uFF23\\u0106\\u0108\\u010A\\u010C\\u00C7\\u1E08\\u0187\\u023B\\uA73E]","D":"[\\u0044\\u24B9\\uFF24\\u1E0A\\u010E\\u1E0C\\u1E10\\u1E12\\u1E0E\\u0110\\u018B\\u018A\\u0189\\uA779]","DZ":"[\\u01F1\\u01C4]","Dz":"[\\u01F2\\u01C5]","E":"[\\u0045\\u24BA\\uFF25\\u00C8\\u00C9\\u00CA\\u1EC0\\u1EBE\\u1EC4\\u1EC2\\u1EBC\\u0112\\u1E14\\u1E16\\u0114\\u0116\\u00CB\\u1EBA\\u011A\\u0204\\u0206\\u1EB8\\u1EC6\\u0228\\u1E1C\\u0118\\u1E18\\u1E1A\\u0190\\u018E]","F":"[\\u0046\\u24BB\\uFF26\\u1E1E\\u0191\\uA77B]","G":"[\\u0047\\u24BC\\uFF27\\u01F4\\u011C\\u1E20\\u011E\\u0120\\u01E6\\u0122\\u01E4\\u0193\\uA7A0\\uA77D\\uA77E]","H":"[\\u0048\\u24BD\\uFF28\\u0124\\u1E22\\u1E26\\u021E\\u1E24\\u1E28\\u1E2A\\u0126\\u2C67\\u2C75\\uA78D]","I":"[\\u0049\\u24BE\\uFF29\\u00CC\\u00CD\\u00CE\\u0128\\u012A\\u012C\\u0130\\u00CF\\u1E2E\\u1EC8\\u01CF\\u0208\\u020A\\u1ECA\\u012E\\u1E2C\\u0197]","J":"[\\u004A\\u24BF\\uFF2A\\u0134\\u0248]","K":"[\\u004B\\u24C0\\uFF2B\\u1E30\\u01E8\\u1E32\\u0136\\u1E34\\u0198\\u2C69\\uA740\\uA742\\uA744\\uA7A2]","L":"[\\u004C\\u24C1\\uFF2C\\u013F\\u0139\\u013D\\u1E36\\u1E38\\u013B\\u1E3C\\u1E3A\\u0141\\u023D\\u2C62\\u2C60\\uA748\\uA746\\uA780]","LJ":"[\\u01C7]","Lj":"[\\u01C8]","M":"[\\u004D\\u24C2\\uFF2D\\u1E3E\\u1E40\\u1E42\\u2C6E\\u019C]","N":"[\\u004E\\u24C3\\uFF2E\\u01F8\\u0143\\u00D1\\u1E44\\u0147\\u1E46\\u0145\\u1E4A\\u1E48\\u0220\\u019D\\uA790\\uA7A4]","NJ":"[\\u01CA]","Nj":"[\\u01CB]","O":"[\\u004F\\u24C4\\uFF2F\\u00D2\\u00D3\\u00D4\\u1ED2\\u1ED0\\u1ED6\\u1ED4\\u00D5\\u1E4C\\u022C\\u1E4E\\u014C\\u1E50\\u1E52\\u014E\\u022E\\u0230\\u00D6\\u022A\\u1ECE\\u0150\\u01D1\\u020C\\u020E\\u01A0\\u1EDC\\u1EDA\\u1EE0\\u1EDE\\u1EE2\\u1ECC\\u1ED8\\u01EA\\u01EC\\u00D8\\u01FE\\u0186\\u019F\\uA74A\\uA74C]","OI":"[\\u01A2]","OO":"[\\uA74E]","OU":"[\\u0222]","P":"[\\u0050\\u24C5\\uFF30\\u1E54\\u1E56\\u01A4\\u2C63\\uA750\\uA752\\uA754]","Q":"[\\u0051\\u24C6\\uFF31\\uA756\\uA758\\u024A]","R":"[\\u0052\\u24C7\\uFF32\\u0154\\u1E58\\u0158\\u0210\\u0212\\u1E5A\\u1E5C\\u0156\\u1E5E\\u024C\\u2C64\\uA75A\\uA7A6\\uA782]","S":"[\\u0053\\u24C8\\uFF33\\u1E9E\\u015A\\u1E64\\u015C\\u1E60\\u0160\\u1E66\\u1E62\\u1E68\\u0218\\u015E\\u2C7E\\uA7A8\\uA784]","T":"[\\u0054\\u24C9\\uFF34\\u1E6A\\u0164\\u1E6C\\u021A\\u0162\\u1E70\\u1E6E\\u0166\\u01AC\\u01AE\\u023E\\uA786]","TZ":"[\\uA728]","U":"[\\u0055\\u24CA\\uFF35\\u00D9\\u00DA\\u00DB\\u0168\\u1E78\\u016A\\u1E7A\\u016C\\u00DC\\u01DB\\u01D7\\u01D5\\u01D9\\u1EE6\\u016E\\u0170\\u01D3\\u0214\\u0216\\u01AF\\u1EEA\\u1EE8\\u1EEE\\u1EEC\\u1EF0\\u1EE4\\u1E72\\u0172\\u1E76\\u1E74\\u0244]","V":"[\\u0056\\u24CB\\uFF36\\u1E7C\\u1E7E\\u01B2\\uA75E\\u0245]","VY":"[\\uA760]","W":"[\\u0057\\u24CC\\uFF37\\u1E80\\u1E82\\u0174\\u1E86\\u1E84\\u1E88\\u2C72]","X":"[\\u0058\\u24CD\\uFF38\\u1E8A\\u1E8C]","Y":"[\\u0059\\u24CE\\uFF39\\u1EF2\\u00DD\\u0176\\u1EF8\\u0232\\u1E8E\\u0178\\u1EF6\\u1EF4\\u01B3\\u024E\\u1EFE]","Z":"[\\u005A\\u24CF\\uFF3A\\u0179\\u1E90\\u017B\\u017D\\u1E92\\u1E94\\u01B5\\u0224\\u2C7F\\u2C6B\\uA762]","a":"[\\u0061\\u24D0\\uFF41\\u1E9A\\u00E0\\u00E1\\u00E2\\u1EA7\\u1EA5\\u1EAB\\u1EA9\\u00E3\\u0101\\u0103\\u1EB1\\u1EAF\\u1EB5\\u1EB3\\u0227\\u01E1\\u00E4\\u01DF\\u1EA3\\u00E5\\u01FB\\u01CE\\u0201\\u0203\\u1EA1\\u1EAD\\u1EB7\\u1E01\\u0105\\u2C65\\u0250]","aa":"[\\uA733]","ae":"[\\u00E6\\u01FD\\u01E3]","ao":"[\\uA735]","au":"[\\uA737]","av":"[\\uA739\\uA73B]","ay":"[\\uA73D]","b":"[\\u0062\\u24D1\\uFF42\\u1E03\\u1E05\\u1E07\\u0180\\u0183\\u0253]","c":"[\\u0063\\u24D2\\uFF43\\u0107\\u0109\\u010B\\u010D\\u00E7\\u1E09\\u0188\\u023C\\uA73F\\u2184]","d":"[\\u0064\\u24D3\\uFF44\\u1E0B\\u010F\\u1E0D\\u1E11\\u1E13\\u1E0F\\u0111\\u018C\\u0256\\u0257\\uA77A]","dz":"[\\u01F3\\u01C6]","e":"[\\u0065\\u24D4\\uFF45\\u00E8\\u00E9\\u00EA\\u1EC1\\u1EBF\\u1EC5\\u1EC3\\u1EBD\\u0113\\u1E15\\u1E17\\u0115\\u0117\\u00EB\\u1EBB\\u011B\\u0205\\u0207\\u1EB9\\u1EC7\\u0229\\u1E1D\\u0119\\u1E19\\u1E1B\\u0247\\u025B\\u01DD]","f":"[\\u0066\\u24D5\\uFF46\\u1E1F\\u0192\\uA77C]","g":"[\\u0067\\u24D6\\uFF47\\u01F5\\u011D\\u1E21\\u011F\\u0121\\u01E7\\u0123\\u01E5\\u0260\\uA7A1\\u1D79\\uA77F]","h":"[\\u0068\\u24D7\\uFF48\\u0125\\u1E23\\u1E27\\u021F\\u1E25\\u1E29\\u1E2B\\u1E96\\u0127\\u2C68\\u2C76\\u0265]","hv":"[\\u0195]","i":"[\\u0069\\u24D8\\uFF49\\u00EC\\u00ED\\u00EE\\u0129\\u012B\\u012D\\u00EF\\u1E2F\\u1EC9\\u01D0\\u0209\\u020B\\u1ECB\\u012F\\u1E2D\\u0268\\u0131]","j":"[\\u006A\\u24D9\\uFF4A\\u0135\\u01F0\\u0249]","k":"[\\u006B\\u24DA\\uFF4B\\u1E31\\u01E9\\u1E33\\u0137\\u1E35\\u0199\\u2C6A\\uA741\\uA743\\uA745\\uA7A3]","l":"[\\u006C\\u24DB\\uFF4C\\u0140\\u013A\\u013E\\u1E37\\u1E39\\u013C\\u1E3D\\u1E3B\\u017F\\u0142\\u019A\\u026B\\u2C61\\uA749\\uA781\\uA747]","lj":"[\\u01C9]","m":"[\\u006D\\u24DC\\uFF4D\\u1E3F\\u1E41\\u1E43\\u0271\\u026F]","n":"[\\u006E\\u24DD\\uFF4E\\u01F9\\u0144\\u00F1\\u1E45\\u0148\\u1E47\\u0146\\u1E4B\\u1E49\\u019E\\u0272\\u0149\\uA791\\uA7A5]","nj":"[\\u01CC]","o":"[\\u006F\\u24DE\\uFF4F\\u00F2\\u00F3\\u00F4\\u1ED3\\u1ED1\\u1ED7\\u1ED5\\u00F5\\u1E4D\\u022D\\u1E4F\\u014D\\u1E51\\u1E53\\u014F\\u022F\\u0231\\u00F6\\u022B\\u1ECF\\u0151\\u01D2\\u020D\\u020F\\u01A1\\u1EDD\\u1EDB\\u1EE1\\u1EDF\\u1EE3\\u1ECD\\u1ED9\\u01EB\\u01ED\\u00F8\\u01FF\\u0254\\uA74B\\uA74D\\u0275]","oi":"[\\u01A3]","ou":"[\\u0223]","oo":"[\\uA74F]","p":"[\\u0070\\u24DF\\uFF50\\u1E55\\u1E57\\u01A5\\u1D7D\\uA751\\uA753\\uA755]","q":"[\\u0071\\u24E0\\uFF51\\u024B\\uA757\\uA759]","r":"[\\u0072\\u24E1\\uFF52\\u0155\\u1E59\\u0159\\u0211\\u0213\\u1E5B\\u1E5D\\u0157\\u1E5F\\u024D\\u027D\\uA75B\\uA7A7\\uA783]","s":"[\\u0073\\u24E2\\uFF53\\u015B\\u1E65\\u015D\\u1E61\\u0161\\u1E67\\u1E63\\u1E69\\u0219\\u015F\\u023F\\uA7A9\\uA785\\u1E9B]","ss":"[\\u00DF]","t":"[\\u0074\\u24E3\\uFF54\\u1E6B\\u1E97\\u0165\\u1E6D\\u021B\\u0163\\u1E71\\u1E6F\\u0167\\u01AD\\u0288\\u2C66\\uA787]","tz":"[\\uA729]","u":"[\\u0075\\u24E4\\uFF55\\u00F9\\u00FA\\u00FB\\u0169\\u1E79\\u016B\\u1E7B\\u016D\\u00FC\\u01DC\\u01D8\\u01D6\\u01DA\\u1EE7\\u016F\\u0171\\u01D4\\u0215\\u0217\\u01B0\\u1EEB\\u1EE9\\u1EEF\\u1EED\\u1EF1\\u1EE5\\u1E73\\u0173\\u1E77\\u1E75\\u0289]","v":"[\\u0076\\u24E5\\uFF56\\u1E7D\\u1E7F\\u028B\\uA75F\\u028C]","vy":"[\\uA761]","w":"[\\u0077\\u24E6\\uFF57\\u1E81\\u1E83\\u0175\\u1E87\\u1E85\\u1E98\\u1E89\\u2C73]","x":"[\\u0078\\u24E7\\uFF58\\u1E8B\\u1E8D]","y":"[\\u0079\\u24E8\\uFF59\\u1EF3\\u00FD\\u0177\\u1EF9\\u0233\\u1E8F\\u00FF\\u1EF7\\u1E99\\u1EF5\\u01B4\\u024F\\u1EFF]","z":"[\\u007A\\u24E9\\uFF5A\\u017A\\u1E91\\u017C\\u017E\\u1E93\\u1E95\\u01B6\\u0225\\u0240\\u2C6C\\uA763]"},"researchesTests":["contentHasTOC","contentHasShortParagraphs","contentHasAssets","keywordInTitle","keywordInMetaDescription","keywordInPermalink","keywordIn10Percent","keywordInContent","keywordInSubheadings","keywordInImageAlt","keywordDensity","keywordNotUsed","lengthContent","lengthPermalink","linksHasInternal","linksHasExternals","linksNotAllExternals","titleStartWithKeyword","titleSentiment","titleHasPowerWords","titleHasNumber","hasContentAI"],"hasRedirection":false,"hasBreadcrumb":false},"homeUrl":"https:\/\/mladez.evangnet.cz\/moravskoslezska","objectID":14,"objectType":"post","locale":"cs","localeFull":"cs_CZ","overlayImages":{"play":{"name":"Ikona p\u0159ehr\u00e1v\u00e1n\u00ed","url":"https:\/\/mladez.evangnet.cz\/moravskoslezska\/wp-content\/plugins\/seo-by-rank-math\/assets\/admin\/img\/icon-play.png","path":"\/home\/eusers\/e-mladez\/public\/wp-content\/plugins\/seo-by-rank-math\/assets\/admin\/img\/icon-play.png","position":"middle_center"},"gif":{"name":"GIF ikona","url":"https:\/\/mladez.evangnet.cz\/moravskoslezska\/wp-content\/plugins\/seo-by-rank-math\/assets\/admin\/img\/icon-gif.png","path":"\/home\/eusers\/e-mladez\/public\/wp-content\/plugins\/seo-by-rank-math\/assets\/admin\/img\/icon-gif.png","position":"middle_center"}},"defautOgImage":"https:\/\/mladez.evangnet.cz\/moravskoslezska\/wp-content\/plugins\/seo-by-rank-math\/assets\/admin\/img\/social-placeholder.jpg","customPermalinks":true,"isUserRegistered":true,"autoSuggestKeywords":true,"connectSiteUrl":"https:\/\/rankmath.com\/auth?site=https%3A%2F%2Fmladez.evangnet.cz%2Fmoravskoslezska&r=https%3A%2F%2Fmladez.evangnet.cz%2Fmoravskoslezska%2Fwp-json%2Fwp%2Fv2%2Fpages%2F14%3Fnonce%3Dd01b38dede","maxTags":5,"trendsIcon":"<svg viewBox=\"0 0 610 610\"><path d=\"M18.85,446,174.32,290.48l58.08,58.08L76.93,504a14.54,14.54,0,0,1-20.55,0L18.83,466.48a14.54,14.54,0,0,1,0-20.55Z\" style=\"fill:#4285f4\"\/><path d=\"M242.65,242.66,377.59,377.6l-47.75,47.75a14.54,14.54,0,0,1-20.55,0L174.37,290.43l47.75-47.75A14.52,14.52,0,0,1,242.65,242.66Z\" style=\"fill:#ea4335\"\/><polygon points=\"319.53 319.53 479.26 159.8 537.34 217.88 377.61 377.62 319.53 319.53\" style=\"fill:#fabb05\"\/><path d=\"M594.26,262.73V118.61h0a16.94,16.94,0,0,0-16.94-16.94H433.2a16.94,16.94,0,0,0-12,28.92L565.34,274.71h0a16.94,16.94,0,0,0,28.92-12Z\" style=\"fill:#34a853\"\/><rect width=\"610\" height=\"610\" style=\"fill:none\"\/><\/svg>","showScore":true,"siteFavIcon":"https:\/\/mladez.evangnet.cz\/moravskoslezska\/wp-content\/uploads\/sites\/10\/2025\/05\/logo-moravskoslezska-150x150.webp","canUser":{"general":false,"advanced":false,"snippet":false,"social":false,"analysis":false,"analytics":false,"content_ai":false},"showKeywordIntent":true,"isPro":false,"is_front_page":false,"trendsUpgradeLink":"https:\/\/rankmath.com\/pricing\/?utm_source=Plugin&utm_medium=CE%20General%20Tab%20Trends&utm_campaign=WP","trendsUpgradeLabel":"Upgradovat","trendsPreviewImage":"https:\/\/mladez.evangnet.cz\/moravskoslezska\/wp-content\/plugins\/seo-by-rank-math\/assets\/admin\/img\/trends-preview.jpg","currentEditor":false,"homepageData":{"assessor":{"powerWords":[],"diacritics":true,"researchesTests":["contentHasTOC","contentHasShortParagraphs","contentHasAssets","keywordInTitle","keywordInMetaDescription","keywordInPermalink","keywordIn10Percent","keywordInContent","keywordInSubheadings","keywordInImageAlt","keywordDensity","keywordNotUsed","lengthContent","lengthPermalink","linksHasInternal","linksHasExternals","linksNotAllExternals","titleStartWithKeyword","titleSentiment","titleHasPowerWords","titleHasNumber","hasContentAI"],"hasBreadcrumb":false,"serpData":{"title":"%sitename% %page% %sep% %sitedesc%","description":"","titleTemplate":"%sitename% %page% %sep% %sitedesc%","descriptionTemplate":"","focusKeywords":"","breadcrumbTitle":"Dom\u016f","robots":{"index":true},"advancedRobots":[],"facebookTitle":"","facebookDescription":"","facebookImage":"","facebookImageID":""}}},"tocTitle":"Table of Contents","tocExcludeHeadings":[],"listStyle":"ul"},"_links":{"self":[{"href":"https:\/\/mladez.evangnet.cz\/moravskoslezska\/wp-json\/wp\/v2\/pages\/14","targetHints":{"allow":["GET"]}}],"collection":[{"href":"https:\/\/mladez.evangnet.cz\/moravskoslezska\/wp-json\/wp\/v2\/pages"}],"about":[{"href":"https:\/\/mladez.evangnet.cz\/moravskoslezska\/wp-json\/wp\/v2\/types\/page"}],"author":[{"embeddable":true,"href":"https:\/\/mladez.evangnet.cz\/moravskoslezska\/wp-json\/wp\/v2\/users\/1"}],"replies":[{"embeddable":true,"href":"https:\/\/mladez.evangnet.cz\/moravskoslezska\/wp-json\/wp\/v2\/comments?post=14"}],"version-history":[{"count":8,"href":"https:\/\/mladez.evangnet.cz\/moravskoslezska\/wp-json\/wp\/v2\/pages\/14\/revisions"}],"predecessor-version":[{"id":1458,"href":"https:\/\/mladez.evangnet.cz\/moravskoslezska\/wp-json\/wp\/v2\/pages\/14\/revisions\/1458"}],"wp:attachment":[{"href":"https:\/\/mladez.evangnet.cz\/moravskoslezska\/wp-json\/wp\/v2\/media?parent=14"}],"curies":[{"name":"wp","href":"https:\/\/api.w.org\/{rel}","templated":true}]}}